{"id":65,"date":"2017-12-30T15:15:34","date_gmt":"2017-12-30T15:15:34","guid":{"rendered":"http:\/\/wordpress.buergerhaus-weeze.de\/?page_id=65"},"modified":"2017-12-31T13:38:04","modified_gmt":"2017-12-31T12:38:04","slug":"team","status":"publish","type":"page","link":"https:\/\/www.buergerhaus-weeze.de\/?page_id=65","title":{"rendered":"Team"},"content":{"rendered":"<div id=\"header_layer\">\n<div id=\"id1\" class=\"style_SkipStroke shape-with-text\">\n<div class=\"text-content style_External_515_43\">\n<div class=\"style\">\n<p class=\"Heading_1\"><span class=\"style_3\">Das Team des B\u00fcrgerhauses setzt sich aus den Vertretern des B\u00fcrgerhausvereins, einem Service-, einem Technik- und einem Reinigungs- und Dekorationsteam zusammen.<br \/>\n<\/span><\/p>\n<\/div>\n<\/div>\n<\/div>\n<\/div>\n<div id=\"body_layer\">\n<div class=\"style_SkipStroke_2 shape-with-text flowDefining\">\n<div class=\"text-content style_External_660_126\">\n<p class=\"paragraph_style\"><span class=\"style_3\">Wenden Sie sich an die Ansprechpartner des Vorstands. <\/span><\/p>\n<h6 class=\"style_2\">Service<\/h6>\n<\/div>\n<\/div>\n<div id=\"id5\" class=\"style_SkipStroke_2 shape-with-text\">\n<div class=\"text-content style_External_661_87\">\n<div class=\"style_2\">\n<p class=\"paragraph_style_2\">Ben\u00f6tigen Sie f\u00fcr Ihre Veranstaltung Unterst\u00fctzung f\u00fcr die Bedienung, f\u00fcr die K\u00fcche, f\u00fcr die Theke. Wir stellen Ihnen auf Wunsch ein tolles Serviceteam zur Verf\u00fcgung.<\/p>\n<h6>Technik<\/h6>\n<p>Sie m\u00f6chten die Technik im B\u00fcrgerhaus nutzen, sie w\u00fcnschen dar\u00fcber hinaus gehende Technik. Sprechen Sie uns an. Wir stellen Ihnen auf Wunsch Technik Techniker zur Verf\u00fcgung.<\/p>\n<\/div>\n<\/div>\n<\/div>\n<div id=\"id6\" class=\"style_SkipStroke_3 shape-with-text\">\n<div class=\"text-content Normal_External_390_28\">\n<div class=\"Normal\">\n<h6 class=\"paragraph_style_1\">Reinigung und Dekoration<\/h6>\n<\/div>\n<\/div>\n<\/div>\n<div id=\"id8\" class=\"style_SkipStroke_2 shape-with-text\">\n<div class=\"text-content style_External_660_68\">\n<div class=\"style_2\">\n<p class=\"paragraph_style_2\">F\u00fcr die Reinigung und f\u00fcr die Erf\u00fcllung von Dekorationsw\u00fcnschen haben wir ebenfalls ein tolles TEAM.<\/p>\n<\/div>\n<\/div>\n<\/div>\n<div id=\"id9\" class=\"style_SkipStroke_3 shape-with-text\">\n<div class=\"text-content Normal_External_390_28\">\n<div class=\"Normal\">\n<h6 class=\"paragraph_style_1\">Verein<\/h6>\n<\/div>\n<\/div>\n<\/div>\n<div id=\"id10\" class=\"style_SkipStroke_2 shape-with-text\">\n<div class=\"text-content style_External_660_68\">\n<div class=\"style_2\">\n<p class=\"paragraph_style_2\">Der Vorstand wird bei seiner Arbeit durch einen Vertreter des Technikteams, in Person durch Thorsten Broekmanns, unterst\u00fctzt.<\/p>\n<\/div>\n<\/div>\n<\/div>\n<\/div>\n","protected":false},"excerpt":{"rendered":"<p>Das Team des B\u00fcrgerhauses setzt sich aus den Vertretern des B\u00fcrgerhausvereins, einem Service-, einem Technik- und einem Reinigungs- und Dekorationsteam zusammen. Wenden Sie sich an die Ansprechpartner des Vorstands. Service Ben\u00f6tigen Sie f\u00fcr Ihre Veranstaltung Unterst\u00fctzung f\u00fcr die Bedienung, f\u00fcr die K\u00fcche, f\u00fcr die Theke. Wir stellen Ihnen auf Wunsch ein tolles Serviceteam zur Verf\u00fcgung. [&hellip;]<\/p>\n","protected":false},"author":1,"featured_media":0,"parent":0,"menu_order":0,"comment_status":"closed","ping_status":"closed","template":"","meta":{"site-sidebar-layout":"default","site-content-layout":"default","ast-site-content-layout":"","site-content-style":"default","site-sidebar-style":"default","ast-global-header-display":"","ast-banner-title-visibility":"","ast-main-header-display":"","ast-hfb-above-header-display":"","ast-hfb-below-header-display":"","ast-hfb-mobile-header-display":"","site-post-title":"","ast-breadcrumbs-content":"","ast-featured-img":"","footer-sml-layout":"","theme-transparent-header-meta":"","adv-header-id-meta":"","stick-header-meta":"","header-above-stick-meta":"","header-main-stick-meta":"","header-below-stick-meta":"","astra-migrate-meta-layouts":"default","ast-page-background-enabled":"default","ast-page-background-meta":{"desktop":{"background-color":"","background-image":"","background-repeat":"repeat","background-position":"center center","background-size":"auto","background-attachment":"scroll","background-type":"","background-media":"","overlay-type":"","overlay-color":"","overlay-opacity":"","overlay-gradient":""},"tablet":{"background-color":"","background-image":"","background-repeat":"repeat","background-position":"center center","background-size":"auto","background-attachment":"scroll","background-type":"","background-media":"","overlay-type":"","overlay-color":"","overlay-opacity":"","overlay-gradient":""},"mobile":{"background-color":"","background-image":"","background-repeat":"repeat","background-position":"center center","background-size":"auto","background-attachment":"scroll","background-type":"","background-media":"","overlay-type":"","overlay-color":"","overlay-opacity":"","overlay-gradient":""}},"ast-content-background-meta":{"desktop":{"background-color":"var(--ast-global-color-5)","background-image":"","background-repeat":"repeat","background-position":"center center","background-size":"auto","background-attachment":"scroll","background-type":"","background-media":"","overlay-type":"","overlay-color":"","overlay-opacity":"","overlay-gradient":""},"tablet":{"background-color":"var(--ast-global-color-5)","background-image":"","background-repeat":"repeat","background-position":"center center","background-size":"auto","background-attachment":"scroll","background-type":"","background-media":"","overlay-type":"","overlay-color":"","overlay-opacity":"","overlay-gradient":""},"mobile":{"background-color":"var(--ast-global-color-5)","background-image":"","background-repeat":"repeat","background-position":"center center","background-size":"auto","background-attachment":"scroll","background-type":"","background-media":"","overlay-type":"","overlay-color":"","overlay-opacity":"","overlay-gradient":""}},"footnotes":""},"class_list":["post-65","page","type-page","status-publish","hentry"],"_links":{"self":[{"href":"https:\/\/www.buergerhaus-weeze.de\/index.php?rest_route=\/wp\/v2\/pages\/65","targetHints":{"allow":["GET"]}}],"collection":[{"href":"https:\/\/www.buergerhaus-weeze.de\/index.php?rest_route=\/wp\/v2\/pages"}],"about":[{"href":"https:\/\/www.buergerhaus-weeze.de\/index.php?rest_route=\/wp\/v2\/types\/page"}],"author":[{"embeddable":true,"href":"https:\/\/www.buergerhaus-weeze.de\/index.php?rest_route=\/wp\/v2\/users\/1"}],"replies":[{"embeddable":true,"href":"https:\/\/www.buergerhaus-weeze.de\/index.php?rest_route=%2Fwp%2Fv2%2Fcomments&post=65"}],"version-history":[{"count":3,"href":"https:\/\/www.buergerhaus-weeze.de\/index.php?rest_route=\/wp\/v2\/pages\/65\/revisions"}],"predecessor-version":[{"id":287,"href":"https:\/\/www.buergerhaus-weeze.de\/index.php?rest_route=\/wp\/v2\/pages\/65\/revisions\/287"}],"wp:attachment":[{"href":"https:\/\/www.buergerhaus-weeze.de\/index.php?rest_route=%2Fwp%2Fv2%2Fmedia&parent=65"}],"curies":[{"name":"wp","href":"https:\/\/api.w.org\/{rel}","templated":true}]}}