{"id":70,"date":"2017-12-30T17:30:33","date_gmt":"2017-12-30T17:30:33","guid":{"rendered":"http:\/\/wordpress.buergerhaus-weeze.de\/?page_id=70"},"modified":"2023-11-22T15:54:35","modified_gmt":"2023-11-22T14:54:35","slug":"der-verein","status":"publish","type":"page","link":"https:\/\/www.buergerhaus-weeze.de\/?page_id=70","title":{"rendered":"Verein"},"content":{"rendered":"<div id=\"header_layer\">\n<div class=\"bumper\">\n<div class=\"style\">\n<h5 class=\"Header\">DER VEREIN B\u00dcRGERHAUS WEEZE e.V.<\/h5>\n<\/div>\n<\/div>\n<\/div>\n<div id=\"body_layer\">\n<div class=\"tinyText\">Der Verein dient dem Zweck, das im Eigentum der Gemeinde Weeze befindliche B\u00fcrgerhaus in Weeze im Rahmen des Nutzungs- und Unterhaltungsvertrages zu bewirtschaften und zu unterhalten. (\u00a7 2 der Satzung des Vereins B\u00fcrgerhaus Weeze e.V.)<\/div>\n<div class=\"style_SkipStroke_2 shape-with-text flowDefining\">\n<div class=\"text-content style_External_660_230\">\n<div class=\"style_2\">\n<p class=\"paragraph_style\">Zu diesem Zweck haben sich bisher weit \u00fcber 20 Weezer Vereine und auch viele B\u00fcrger dem Verein B\u00fcrgerhaus Weeze e.V. angeschlossen.<\/p>\n<p class=\"paragraph_style\">Der aktuelle Vereinsvorstand wurde auf der Mitgliederversammlung am 03.12.2015 gew\u00e4hlt und setzt sich wie folgt zusammen:<\/p>\n<\/div>\n<\/div>\n<\/div>\n<\/div>\n<table>\n<tbody>\n<tr>\n<td style=\"text-align: center;\" width=\"307\">\u00a0<img loading=\"lazy\" decoding=\"async\" class=\"alignnone size-full wp-image-87\" src=\"http:\/\/wordpress.buergerhaus-weeze.de\/wp-content\/uploads\/2017\/12\/HT-Krauhausen.jpg\" alt=\"\" width=\"160\" height=\"270\" \/><br \/>\nHans-Theo Krauhausen<br \/>\n1. Vorsitzender<\/td>\n<td width=\"307\"><\/td>\n<\/tr>\n<tr>\n<td width=\"307\">\u00a0<img loading=\"lazy\" decoding=\"async\" class=\"size-medium wp-image-85 aligncenter\" src=\"http:\/\/wordpress.buergerhaus-weeze.de\/wp-content\/uploads\/2017\/12\/H-Ingenbleek-180x300.jpg\" alt=\"\" width=\"180\" height=\"300\" srcset=\"https:\/\/www.buergerhaus-weeze.de\/wp-content\/uploads\/2017\/12\/H-Ingenbleek-180x300.jpg 180w, https:\/\/www.buergerhaus-weeze.de\/wp-content\/uploads\/2017\/12\/H-Ingenbleek.jpg 480w\" sizes=\"auto, (max-width: 180px) 100vw, 180px\" \/><\/p>\n<p style=\"text-align: center;\">Hubert Ingenbleek<br \/>\nGesch\u00e4ftsf\u00fchrer<\/p>\n<\/td>\n<td width=\"307\">\u00a0<img loading=\"lazy\" decoding=\"async\" class=\"alignnone size-full wp-image-86 aligncenter\" src=\"http:\/\/wordpress.buergerhaus-weeze.de\/wp-content\/uploads\/2017\/12\/Beyer.jpg\" alt=\"\" width=\"162\" height=\"270\" \/><\/p>\n<p style=\"text-align: center;\">Elisabeth Beyer<br \/>\nKassiererin<\/p>\n<\/td>\n<\/tr>\n<\/tbody>\n<\/table>\n<p>Weitere Informationen:<\/p>\n<ul>\n<li><a href=\"http:\/\/wordpress.buergerhaus-weeze.de\/wp-content\/uploads\/2017\/12\/Anmeldeformular-Verein.pdf\">Anmeldeformular Verein 2016<\/a><\/li>\n<li><a href=\"http:\/\/wordpress.buergerhaus-weeze.de\/wp-content\/uploads\/2017\/12\/Miet-und-Benutzerordnung-fu\u0308r-das-Bu\u0308rgerhaus-Weeze.pdf\">Miet- und Benutzerordnung fu\u0308r das Bu\u0308rgerhaus Weeze<\/a><\/li>\n<li><a href=\"http:\/\/wordpress.buergerhaus-weeze.de\/wp-content\/uploads\/2017\/12\/Mietpreise-09.09.2016.pdf\">Mietpreise 09.09.2016<\/a><\/li>\n<li><a href=\"http:\/\/wordpress.buergerhaus-weeze.de\/wp-content\/uploads\/2017\/12\/Protokoll_151203.pdf\">Protokoll Mitgliederversammlung 151203<\/a><\/li>\n<li><a href=\"http:\/\/wordpress.buergerhaus-weeze.de\/wp-content\/uploads\/2017\/12\/Satzung-Original-0910.pdf\">Satzung Original 2010<\/a><\/li>\n<\/ul>\n","protected":false},"excerpt":{"rendered":"<p>DER VEREIN B\u00dcRGERHAUS WEEZE e.V. Der Verein dient dem Zweck, das im Eigentum der Gemeinde Weeze befindliche B\u00fcrgerhaus in Weeze im Rahmen des Nutzungs- und Unterhaltungsvertrages zu bewirtschaften und zu unterhalten. (\u00a7 2 der Satzung des Vereins B\u00fcrgerhaus Weeze e.V.) Zu diesem Zweck haben sich bisher weit \u00fcber 20 Weezer Vereine und auch viele B\u00fcrger [&hellip;]<\/p>\n","protected":false},"author":1,"featured_media":0,"parent":0,"menu_order":0,"comment_status":"closed","ping_status":"closed","template":"","meta":{"site-sidebar-layout":"default","site-content-layout":"default","ast-site-content-layout":"default","site-content-style":"default","site-sidebar-style":"default","ast-global-header-display":"","ast-banner-title-visibility":"","ast-main-header-display":"","ast-hfb-above-header-display":"","ast-hfb-below-header-display":"","ast-hfb-mobile-header-display":"","site-post-title":"","ast-breadcrumbs-content":"","ast-featured-img":"","footer-sml-layout":"","theme-transparent-header-meta":"default","adv-header-id-meta":"","stick-header-meta":"","header-above-stick-meta":"","header-main-stick-meta":"","header-below-stick-meta":"","astra-migrate-meta-layouts":"set","ast-page-background-enabled":"default","ast-page-background-meta":{"desktop":{"background-color":"","background-image":"","background-repeat":"repeat","background-position":"center center","background-size":"auto","background-attachment":"scroll","background-type":"","background-media":"","overlay-type":"","overlay-color":"","overlay-opacity":"","overlay-gradient":""},"tablet":{"background-color":"","background-image":"","background-repeat":"repeat","background-position":"center center","background-size":"auto","background-attachment":"scroll","background-type":"","background-media":"","overlay-type":"","overlay-color":"","overlay-opacity":"","overlay-gradient":""},"mobile":{"background-color":"","background-image":"","background-repeat":"repeat","background-position":"center center","background-size":"auto","background-attachment":"scroll","background-type":"","background-media":"","overlay-type":"","overlay-color":"","overlay-opacity":"","overlay-gradient":""}},"ast-content-background-meta":{"desktop":{"background-color":"var(--ast-global-color-5)","background-image":"","background-repeat":"repeat","background-position":"center center","background-size":"auto","background-attachment":"scroll","background-type":"","background-media":"","overlay-type":"","overlay-color":"","overlay-opacity":"","overlay-gradient":""},"tablet":{"background-color":"var(--ast-global-color-5)","background-image":"","background-repeat":"repeat","background-position":"center center","background-size":"auto","background-attachment":"scroll","background-type":"","background-media":"","overlay-type":"","overlay-color":"","overlay-opacity":"","overlay-gradient":""},"mobile":{"background-color":"var(--ast-global-color-5)","background-image":"","background-repeat":"repeat","background-position":"center center","background-size":"auto","background-attachment":"scroll","background-type":"","background-media":"","overlay-type":"","overlay-color":"","overlay-opacity":"","overlay-gradient":""}},"footnotes":""},"class_list":["post-70","page","type-page","status-publish","hentry"],"_links":{"self":[{"href":"https:\/\/www.buergerhaus-weeze.de\/index.php?rest_route=\/wp\/v2\/pages\/70","targetHints":{"allow":["GET"]}}],"collection":[{"href":"https:\/\/www.buergerhaus-weeze.de\/index.php?rest_route=\/wp\/v2\/pages"}],"about":[{"href":"https:\/\/www.buergerhaus-weeze.de\/index.php?rest_route=\/wp\/v2\/types\/page"}],"author":[{"embeddable":true,"href":"https:\/\/www.buergerhaus-weeze.de\/index.php?rest_route=\/wp\/v2\/users\/1"}],"replies":[{"embeddable":true,"href":"https:\/\/www.buergerhaus-weeze.de\/index.php?rest_route=%2Fwp%2Fv2%2Fcomments&post=70"}],"version-history":[{"count":9,"href":"https:\/\/www.buergerhaus-weeze.de\/index.php?rest_route=\/wp\/v2\/pages\/70\/revisions"}],"predecessor-version":[{"id":680,"href":"https:\/\/www.buergerhaus-weeze.de\/index.php?rest_route=\/wp\/v2\/pages\/70\/revisions\/680"}],"wp:attachment":[{"href":"https:\/\/www.buergerhaus-weeze.de\/index.php?rest_route=%2Fwp%2Fv2%2Fmedia&parent=70"}],"curies":[{"name":"wp","href":"https:\/\/api.w.org\/{rel}","templated":true}]}}